{"id":247,"date":"2021-04-29T03:36:59","date_gmt":"2021-04-29T03:36:59","guid":{"rendered":"https:\/\/regulus.net.tr\/?page_id=247"},"modified":"2023-01-26T18:46:31","modified_gmt":"2023-01-26T15:46:31","slug":"ulasin","status":"publish","type":"page","link":"https:\/\/regulus.net.tr\/?page_id=247","title":{"rendered":"Bize Ula\u015f\u0131n"},"content":{"rendered":"\t\t<div data-elementor-type=\"wp-page\" data-elementor-id=\"247\" class=\"elementor elementor-247\">\n\t\t\t\t\t\t<section class=\"elementor-section elementor-top-section elementor-element elementor-element-679c340 elementor-section-content-middle elementor-section-boxed elementor-section-height-default elementor-section-height-default\" data-id=\"679c340\" data-element_type=\"section\" data-settings=\"{&quot;background_background&quot;:&quot;classic&quot;}\">\n\t\t\t\t\t\t\t<div class=\"elementor-background-overlay\"><\/div>\n\t\t\t\t\t\t\t<div class=\"elementor-container elementor-column-gap-no\">\n\t\t\t\t\t<div class=\"elementor-column elementor-col-100 elementor-top-column elementor-element elementor-element-6c7c7c2\" data-id=\"6c7c7c2\" data-element_type=\"column\">\n\t\t\t<div class=\"elementor-widget-wrap elementor-element-populated\">\n\t\t\t\t\t\t<div class=\"elementor-element elementor-element-6c859a3 elementor-vertical-align-top elementor-widget elementor-widget-image-box\" data-id=\"6c859a3\" data-element_type=\"widget\" data-widget_type=\"image-box.default\">\n\t\t\t\t<div class=\"elementor-widget-container\">\n\t\t\t\t\t<div class=\"elementor-image-box-wrapper\"><div class=\"elementor-image-box-content\"><h1 class=\"elementor-image-box-title\">Bize Ula\u015f\u0131n<\/h1><p class=\"elementor-image-box-description\">info@regulus.net.tr<\/p><\/div><\/div>\t\t\t\t<\/div>\n\t\t\t\t<\/div>\n\t\t\t\t\t<\/div>\n\t\t<\/div>\n\t\t\t\t\t<\/div>\n\t\t<\/section>\n\t\t\t\t<section class=\"elementor-section elementor-top-section elementor-element elementor-element-f09f7e5 elementor-section-content-middle elementor-section-boxed elementor-section-height-default elementor-section-height-default\" data-id=\"f09f7e5\" data-element_type=\"section\">\n\t\t\t\t\t\t<div class=\"elementor-container elementor-column-gap-no\">\n\t\t\t\t\t<div class=\"elementor-column elementor-col-50 elementor-top-column elementor-element elementor-element-4b59e4e\" data-id=\"4b59e4e\" data-element_type=\"column\" data-settings=\"{&quot;background_background&quot;:&quot;classic&quot;}\">\n\t\t\t<div class=\"elementor-widget-wrap elementor-element-populated\">\n\t\t\t\t\t<div class=\"elementor-background-overlay\"><\/div>\n\t\t\t\t\t\t<div class=\"elementor-element elementor-element-d1ddeed elementor-widget elementor-widget-heading\" data-id=\"d1ddeed\" data-element_type=\"widget\" data-widget_type=\"heading.default\">\n\t\t\t\t<div class=\"elementor-widget-container\">\n\t\t\t\t\t<h2 class=\"elementor-heading-title elementor-size-default\">Bir Teklif Al\u0131n<\/h2>\t\t\t\t<\/div>\n\t\t\t\t<\/div>\n\t\t\t\t<div class=\"elementor-element elementor-element-227a786 elementor-widget elementor-widget-text-editor\" data-id=\"227a786\" data-element_type=\"widget\" data-widget_type=\"text-editor.default\">\n\t\t\t\t<div class=\"elementor-widget-container\">\n\t\t\t\t\t\t\t\t\t<p>\u00dccretsiz bir \u015fekilde teklif almak isterseniz yandaki formu ne i\u00e7in teklif istedi\u011finizi bildirerek doldurunuz.<\/p>\t\t\t\t\t\t\t\t<\/div>\n\t\t\t\t<\/div>\n\t\t\t\t\t<\/div>\n\t\t<\/div>\n\t\t\t\t<div class=\"elementor-column elementor-col-50 elementor-top-column elementor-element elementor-element-00a7ee2\" data-id=\"00a7ee2\" data-element_type=\"column\" data-settings=\"{&quot;background_background&quot;:&quot;classic&quot;}\">\n\t\t\t<div class=\"elementor-widget-wrap elementor-element-populated\">\n\t\t\t\t\t\t<div class=\"elementor-element elementor-element-8861ab0 elementor-widget elementor-widget-heading\" data-id=\"8861ab0\" data-element_type=\"widget\" data-widget_type=\"heading.default\">\n\t\t\t\t<div class=\"elementor-widget-container\">\n\t\t\t\t\t<h3 class=\"elementor-heading-title elementor-size-default\">Bize Mesaj G\u00f6nderin<\/h3>\t\t\t\t<\/div>\n\t\t\t\t<\/div>\n\t\t\t\t<div class=\"elementor-element elementor-element-e0d3a5b elementor-button-align-stretch elementor-widget elementor-widget-form\" data-id=\"e0d3a5b\" data-element_type=\"widget\" data-settings=\"{&quot;step_next_label&quot;:&quot;Next&quot;,&quot;step_previous_label&quot;:&quot;Previous&quot;,&quot;button_width&quot;:&quot;100&quot;,&quot;step_type&quot;:&quot;number_text&quot;,&quot;step_icon_shape&quot;:&quot;circle&quot;}\" data-widget_type=\"form.default\">\n\t\t\t\t<div class=\"elementor-widget-container\">\n\t\t\t\t\t\t\t<form class=\"elementor-form\" method=\"post\" name=\"New Form\">\n\t\t\t<input type=\"hidden\" name=\"post_id\" value=\"247\"\/>\n\t\t\t<input type=\"hidden\" name=\"form_id\" value=\"e0d3a5b\"\/>\n\t\t\t<input type=\"hidden\" name=\"referer_title\" value=\"Regulus\" \/>\n\n\t\t\t\n\t\t\t<div class=\"elementor-form-fields-wrapper elementor-labels-above\">\n\t\t\t\t\t\t\t\t<div class=\"elementor-field-type-text elementor-field-group elementor-column elementor-field-group-name elementor-col-100\">\n\t\t\t\t\t\t\t\t\t\t\t\t<label for=\"form-field-name\" class=\"elementor-field-label\">\n\t\t\t\t\t\t\t\t\u0130sim \/ Soyisim\t\t\t\t\t\t\t<\/label>\n\t\t\t\t\t\t\t\t\t\t\t\t\t\t<input size=\"1\" type=\"text\" name=\"form_fields[name]\" id=\"form-field-name\" class=\"elementor-field elementor-size-sm  elementor-field-textual\" placeholder=\"\u0130sim \/ Soyisim\">\n\t\t\t\t\t\t\t\t\t\t\t<\/div>\n\t\t\t\t\t\t\t\t<div class=\"elementor-field-type-email elementor-field-group elementor-column elementor-field-group-email elementor-col-100 elementor-field-required\">\n\t\t\t\t\t\t\t\t\t\t\t\t<label for=\"form-field-email\" class=\"elementor-field-label\">\n\t\t\t\t\t\t\t\tE-Posta\t\t\t\t\t\t\t<\/label>\n\t\t\t\t\t\t\t\t\t\t\t\t\t\t<input size=\"1\" type=\"email\" name=\"form_fields[email]\" id=\"form-field-email\" class=\"elementor-field elementor-size-sm  elementor-field-textual\" placeholder=\"E-Posta\" required=\"required\" aria-required=\"true\">\n\t\t\t\t\t\t\t\t\t\t\t<\/div>\n\t\t\t\t\t\t\t\t<div class=\"elementor-field-type-textarea elementor-field-group elementor-column elementor-field-group-message elementor-col-100\">\n\t\t\t\t\t\t\t\t\t\t\t\t<label for=\"form-field-message\" class=\"elementor-field-label\">\n\t\t\t\t\t\t\t\tMesaj\t\t\t\t\t\t\t<\/label>\n\t\t\t\t\t\t<textarea class=\"elementor-field-textual elementor-field  elementor-size-sm\" name=\"form_fields[message]\" id=\"form-field-message\" rows=\"4\" placeholder=\"Mesaj\"><\/textarea>\t\t\t\t<\/div>\n\t\t\t\t\t\t\t\t<div class=\"elementor-field-group elementor-column elementor-field-type-submit elementor-col-100 e-form__buttons\">\n\t\t\t\t\t<button type=\"submit\" class=\"elementor-button elementor-size-sm\">\n\t\t\t\t\t\t<span >\n\t\t\t\t\t\t\t\t\t\t\t\t\t\t\t<span class=\"elementor-align-icon-left elementor-button-icon\">\n\t\t\t\t\t\t\t\t\t<i aria-hidden=\"true\" class=\"icon icon-email\"><\/i>\t\t\t\t\t\t\t\t\t\t\t\t\t\t\t\t\t<\/span>\n\t\t\t\t\t\t\t\t\t\t\t\t\t\t\t\t\t\t\t\t\t\t<span class=\"elementor-button-text\">G\u00f6nder<\/span>\n\t\t\t\t\t\t\t\t\t\t\t\t\t<\/span>\n\t\t\t\t\t<\/button>\n\t\t\t\t<\/div>\n\t\t\t<\/div>\n\t\t<\/form>\n\t\t\t\t\t\t<\/div>\n\t\t\t\t<\/div>\n\t\t\t\t\t<\/div>\n\t\t<\/div>\n\t\t\t\t\t<\/div>\n\t\t<\/section>\n\t\t\t\t<section class=\"elementor-section elementor-top-section elementor-element elementor-element-622d64a elementor-section-content-middle elementor-section-boxed elementor-section-height-default elementor-section-height-default\" data-id=\"622d64a\" data-element_type=\"section\" data-settings=\"{&quot;background_background&quot;:&quot;classic&quot;}\">\n\t\t\t\t\t\t\t<div class=\"elementor-background-overlay\"><\/div>\n\t\t\t\t\t\t\t<div class=\"elementor-container elementor-column-gap-no\">\n\t\t\t\t\t<div class=\"elementor-column elementor-col-50 elementor-top-column elementor-element elementor-element-ea73ba7\" data-id=\"ea73ba7\" data-element_type=\"column\">\n\t\t\t<div class=\"elementor-widget-wrap elementor-element-populated\">\n\t\t\t\t\t\t<div class=\"elementor-element elementor-element-748035f elementor-widget elementor-widget-image\" data-id=\"748035f\" data-element_type=\"widget\" data-widget_type=\"image.default\">\n\t\t\t\t<div class=\"elementor-widget-container\">\n\t\t\t\t\t\t\t\t\t\t\t\t\t\t\t<img decoding=\"async\" src=\"https:\/\/regulus.net.tr\/wp-content\/uploads\/elementor\/thumbs\/emergency-q2np7bks739noxkuqhdneygsrt4z5b6p4osz0ppqbs.jpg\" title=\"emergency\" alt=\"emergency\" loading=\"lazy\" \/>\t\t\t\t\t\t\t\t\t\t\t\t\t\t\t<\/div>\n\t\t\t\t<\/div>\n\t\t\t\t\t<\/div>\n\t\t<\/div>\n\t\t\t\t<div class=\"elementor-column elementor-col-50 elementor-top-column elementor-element elementor-element-e36c96f\" data-id=\"e36c96f\" data-element_type=\"column\" data-settings=\"{&quot;background_background&quot;:&quot;classic&quot;}\">\n\t\t\t<div class=\"elementor-widget-wrap elementor-element-populated\">\n\t\t\t\t\t<div class=\"elementor-background-overlay\"><\/div>\n\t\t\t\t\t\t<div class=\"elementor-element elementor-element-8feff03 elementor-widget elementor-widget-heading\" data-id=\"8feff03\" data-element_type=\"widget\" data-widget_type=\"heading.default\">\n\t\t\t\t<div class=\"elementor-widget-container\">\n\t\t\t\t\t<h2 class=\"elementor-heading-title elementor-size-default\">Bize A\u015fa\u011f\u0131daki Numaradan Ula\u015f\u0131n!<\/h2>\t\t\t\t<\/div>\n\t\t\t\t<\/div>\n\t\t\t\t<div class=\"elementor-element elementor-element-5c75cac elementor-widget elementor-widget-button\" data-id=\"5c75cac\" data-element_type=\"widget\" data-widget_type=\"button.default\">\n\t\t\t\t<div class=\"elementor-widget-container\">\n\t\t\t\t\t\t\t\t\t<div class=\"elementor-button-wrapper\">\n\t\t\t\t\t<a class=\"elementor-button elementor-button-link elementor-size-sm\" href=\"#\">\n\t\t\t\t\t\t<span class=\"elementor-button-content-wrapper\">\n\t\t\t\t\t\t<span class=\"elementor-button-icon\">\n\t\t\t\t<i aria-hidden=\"true\" class=\"fas fa-arrow-right\"><\/i>\t\t\t<\/span>\n\t\t\t\t\t\t\t\t\t<span class=\"elementor-button-text\">+90 523 571 80 00<\/span>\n\t\t\t\t\t<\/span>\n\t\t\t\t\t<\/a>\n\t\t\t\t<\/div>\n\t\t\t\t\t\t\t\t<\/div>\n\t\t\t\t<\/div>\n\t\t\t\t\t<\/div>\n\t\t<\/div>\n\t\t\t\t\t<\/div>\n\t\t<\/section>\n\t\t\t\t<\/div>\n\t\t","protected":false},"excerpt":{"rendered":"<p>Bize Ula\u015f\u0131n info@regulus.net.tr Bir Teklif Al\u0131n \u00dccretsiz bir \u015fekilde teklif almak isterseniz yandaki formu ne i\u00e7in teklif istedi\u011finizi bildirerek doldurunuz. Bize Mesaj G\u00f6nderin Bize A\u015fa\u011f\u0131daki Numaradan Ula\u015f\u0131n! +90 523 571 80 00<\/p>\n","protected":false},"author":1,"featured_media":0,"parent":0,"menu_order":0,"comment_status":"closed","ping_status":"closed","template":"","meta":{"site-sidebar-layout":"no-sidebar","site-content-layout":"page-builder","ast-site-content-layout":"default","site-content-style":"default","site-sidebar-style":"default","ast-global-header-display":"","ast-banner-title-visibility":"","ast-main-header-display":"","ast-hfb-above-header-display":"","ast-hfb-below-header-display":"","ast-hfb-mobile-header-display":"","site-post-title":"disabled","ast-breadcrumbs-content":"","ast-featured-img":"disabled","footer-sml-layout":"","ast-disable-related-posts":"","theme-transparent-header-meta":"enabled","adv-header-id-meta":"","stick-header-meta":"","header-above-stick-meta":"","header-main-stick-meta":"","header-below-stick-meta":"","astra-migrate-meta-layouts":"default","ast-page-background-enabled":"default","ast-page-background-meta":{"desktop":{"background-color":"","background-image":"","background-repeat":"repeat","background-position":"center center","background-size":"auto","background-attachment":"scroll","background-type":"","background-media":"","overlay-type":"","overlay-color":"","overlay-opacity":"","overlay-gradient":""},"tablet":{"background-color":"","background-image":"","background-repeat":"repeat","background-position":"center center","background-size":"auto","background-attachment":"scroll","background-type":"","background-media":"","overlay-type":"","overlay-color":"","overlay-opacity":"","overlay-gradient":""},"mobile":{"background-color":"","background-image":"","background-repeat":"repeat","background-position":"center center","background-size":"auto","background-attachment":"scroll","background-type":"","background-media":"","overlay-type":"","overlay-color":"","overlay-opacity":"","overlay-gradient":""}},"ast-content-background-meta":{"desktop":{"background-color":"var(--ast-global-color-5)","background-image":"","background-repeat":"repeat","background-position":"center center","background-size":"auto","background-attachment":"scroll","background-type":"","background-media":"","overlay-type":"","overlay-color":"","overlay-opacity":"","overlay-gradient":""},"tablet":{"background-color":"var(--ast-global-color-5)","background-image":"","background-repeat":"repeat","background-position":"center center","background-size":"auto","background-attachment":"scroll","background-type":"","background-media":"","overlay-type":"","overlay-color":"","overlay-opacity":"","overlay-gradient":""},"mobile":{"background-color":"var(--ast-global-color-5)","background-image":"","background-repeat":"repeat","background-position":"center center","background-size":"auto","background-attachment":"scroll","background-type":"","background-media":"","overlay-type":"","overlay-color":"","overlay-opacity":"","overlay-gradient":""}},"footnotes":""},"class_list":["post-247","page","type-page","status-publish","hentry"],"yoast_head":"<!-- This site is optimized with the Yoast SEO plugin v25.3.1 - https:\/\/yoast.com\/wordpress\/plugins\/seo\/ -->\n<title>Bize Ula\u015f\u0131n - Regulus<\/title>\n<meta name=\"robots\" content=\"index, follow, max-snippet:-1, max-image-preview:large, max-video-preview:-1\" \/>\n<link rel=\"canonical\" href=\"https:\/\/regulus.net.tr\/?page_id=247\" \/>\n<meta property=\"og:locale\" content=\"tr_TR\" \/>\n<meta property=\"og:type\" content=\"article\" \/>\n<meta property=\"og:title\" content=\"Bize Ula\u015f\u0131n - Regulus\" \/>\n<meta property=\"og:description\" content=\"Bize Ula\u015f\u0131n info@regulus.net.tr Bir Teklif Al\u0131n \u00dccretsiz bir \u015fekilde teklif almak isterseniz yandaki formu ne i\u00e7in teklif istedi\u011finizi bildirerek doldurunuz. Bize Mesaj G\u00f6nderin Bize A\u015fa\u011f\u0131daki Numaradan Ula\u015f\u0131n! +90 523 571 80 00\" \/>\n<meta property=\"og:url\" content=\"https:\/\/regulus.net.tr\/?page_id=247\" \/>\n<meta property=\"og:site_name\" content=\"Regulus\" \/>\n<meta property=\"article:modified_time\" content=\"2023-01-26T15:46:31+00:00\" \/>\n<meta property=\"og:image\" content=\"https:\/\/regulus.net.tr\/wp-content\/uploads\/elementor\/thumbs\/emergency-q11ite9yi76y579sntc1rv025pww37nejlx0ow7dhc.jpg\" \/>\n<meta name=\"twitter:card\" content=\"summary_large_image\" \/>\n<meta name=\"twitter:label1\" content=\"Tahmini okuma s\u00fcresi\" \/>\n\t<meta name=\"twitter:data1\" content=\"1 dakika\" \/>\n<script type=\"application\/ld+json\" class=\"yoast-schema-graph\">{\"@context\":\"https:\/\/schema.org\",\"@graph\":[{\"@type\":\"WebPage\",\"@id\":\"https:\/\/regulus.net.tr\/?page_id=247\",\"url\":\"https:\/\/regulus.net.tr\/?page_id=247\",\"name\":\"Bize Ula\u015f\u0131n - Regulus\",\"isPartOf\":{\"@id\":\"https:\/\/regulus.net.tr\/#website\"},\"primaryImageOfPage\":{\"@id\":\"https:\/\/regulus.net.tr\/?page_id=247#primaryimage\"},\"image\":{\"@id\":\"https:\/\/regulus.net.tr\/?page_id=247#primaryimage\"},\"thumbnailUrl\":\"https:\/\/regulus.net.tr\/wp-content\/uploads\/elementor\/thumbs\/emergency-q11ite9yi76y579sntc1rv025pww37nejlx0ow7dhc.jpg\",\"datePublished\":\"2021-04-29T03:36:59+00:00\",\"dateModified\":\"2023-01-26T15:46:31+00:00\",\"breadcrumb\":{\"@id\":\"https:\/\/regulus.net.tr\/?page_id=247#breadcrumb\"},\"inLanguage\":\"tr\",\"potentialAction\":[{\"@type\":\"ReadAction\",\"target\":[\"https:\/\/regulus.net.tr\/?page_id=247\"]}]},{\"@type\":\"ImageObject\",\"inLanguage\":\"tr\",\"@id\":\"https:\/\/regulus.net.tr\/?page_id=247#primaryimage\",\"url\":\"https:\/\/regulus.net.tr\/wp-content\/uploads\/elementor\/thumbs\/emergency-q11ite9yi76y579sntc1rv025pww37nejlx0ow7dhc.jpg\",\"contentUrl\":\"https:\/\/regulus.net.tr\/wp-content\/uploads\/elementor\/thumbs\/emergency-q11ite9yi76y579sntc1rv025pww37nejlx0ow7dhc.jpg\"},{\"@type\":\"BreadcrumbList\",\"@id\":\"https:\/\/regulus.net.tr\/?page_id=247#breadcrumb\",\"itemListElement\":[{\"@type\":\"ListItem\",\"position\":1,\"name\":\"Anasayfa\",\"item\":\"https:\/\/regulus.net.tr\/\"},{\"@type\":\"ListItem\",\"position\":2,\"name\":\"Bize Ula\u015f\u0131n\"}]},{\"@type\":\"WebSite\",\"@id\":\"https:\/\/regulus.net.tr\/#website\",\"url\":\"https:\/\/regulus.net.tr\/\",\"name\":\"Regulus\",\"description\":\"M\u00fchendislik, Bili\u015fim, Makina ve Ticaret\",\"publisher\":{\"@id\":\"https:\/\/regulus.net.tr\/#organization\"},\"potentialAction\":[{\"@type\":\"SearchAction\",\"target\":{\"@type\":\"EntryPoint\",\"urlTemplate\":\"https:\/\/regulus.net.tr\/?s={search_term_string}\"},\"query-input\":{\"@type\":\"PropertyValueSpecification\",\"valueRequired\":true,\"valueName\":\"search_term_string\"}}],\"inLanguage\":\"tr\"},{\"@type\":\"Organization\",\"@id\":\"https:\/\/regulus.net.tr\/#organization\",\"name\":\"Regulus\",\"url\":\"https:\/\/regulus.net.tr\/\",\"logo\":{\"@type\":\"ImageObject\",\"inLanguage\":\"tr\",\"@id\":\"https:\/\/regulus.net.tr\/#\/schema\/logo\/image\/\",\"url\":\"https:\/\/regulus.net.tr\/wp-content\/uploads\/2023\/01\/cropped-cropped-WhatsApp_Gorsel_2023-01-22_saat_16.57.36-removebg-preview-e1674410280674.png\",\"contentUrl\":\"https:\/\/regulus.net.tr\/wp-content\/uploads\/2023\/01\/cropped-cropped-WhatsApp_Gorsel_2023-01-22_saat_16.57.36-removebg-preview-e1674410280674.png\",\"width\":643,\"height\":103,\"caption\":\"Regulus\"},\"image\":{\"@id\":\"https:\/\/regulus.net.tr\/#\/schema\/logo\/image\/\"}}]}<\/script>\n<!-- \/ Yoast SEO plugin. -->","yoast_head_json":{"title":"Bize Ula\u015f\u0131n - Regulus","robots":{"index":"index","follow":"follow","max-snippet":"max-snippet:-1","max-image-preview":"max-image-preview:large","max-video-preview":"max-video-preview:-1"},"canonical":"https:\/\/regulus.net.tr\/?page_id=247","og_locale":"tr_TR","og_type":"article","og_title":"Bize Ula\u015f\u0131n - Regulus","og_description":"Bize Ula\u015f\u0131n info@regulus.net.tr Bir Teklif Al\u0131n \u00dccretsiz bir \u015fekilde teklif almak isterseniz yandaki formu ne i\u00e7in teklif istedi\u011finizi bildirerek doldurunuz. Bize Mesaj G\u00f6nderin Bize A\u015fa\u011f\u0131daki Numaradan Ula\u015f\u0131n! +90 523 571 80 00","og_url":"https:\/\/regulus.net.tr\/?page_id=247","og_site_name":"Regulus","article_modified_time":"2023-01-26T15:46:31+00:00","og_image":[{"url":"https:\/\/regulus.net.tr\/wp-content\/uploads\/elementor\/thumbs\/emergency-q11ite9yi76y579sntc1rv025pww37nejlx0ow7dhc.jpg","type":"","width":"","height":""}],"twitter_card":"summary_large_image","twitter_misc":{"Tahmini okuma s\u00fcresi":"1 dakika"},"schema":{"@context":"https:\/\/schema.org","@graph":[{"@type":"WebPage","@id":"https:\/\/regulus.net.tr\/?page_id=247","url":"https:\/\/regulus.net.tr\/?page_id=247","name":"Bize Ula\u015f\u0131n - Regulus","isPartOf":{"@id":"https:\/\/regulus.net.tr\/#website"},"primaryImageOfPage":{"@id":"https:\/\/regulus.net.tr\/?page_id=247#primaryimage"},"image":{"@id":"https:\/\/regulus.net.tr\/?page_id=247#primaryimage"},"thumbnailUrl":"https:\/\/regulus.net.tr\/wp-content\/uploads\/elementor\/thumbs\/emergency-q11ite9yi76y579sntc1rv025pww37nejlx0ow7dhc.jpg","datePublished":"2021-04-29T03:36:59+00:00","dateModified":"2023-01-26T15:46:31+00:00","breadcrumb":{"@id":"https:\/\/regulus.net.tr\/?page_id=247#breadcrumb"},"inLanguage":"tr","potentialAction":[{"@type":"ReadAction","target":["https:\/\/regulus.net.tr\/?page_id=247"]}]},{"@type":"ImageObject","inLanguage":"tr","@id":"https:\/\/regulus.net.tr\/?page_id=247#primaryimage","url":"https:\/\/regulus.net.tr\/wp-content\/uploads\/elementor\/thumbs\/emergency-q11ite9yi76y579sntc1rv025pww37nejlx0ow7dhc.jpg","contentUrl":"https:\/\/regulus.net.tr\/wp-content\/uploads\/elementor\/thumbs\/emergency-q11ite9yi76y579sntc1rv025pww37nejlx0ow7dhc.jpg"},{"@type":"BreadcrumbList","@id":"https:\/\/regulus.net.tr\/?page_id=247#breadcrumb","itemListElement":[{"@type":"ListItem","position":1,"name":"Anasayfa","item":"https:\/\/regulus.net.tr\/"},{"@type":"ListItem","position":2,"name":"Bize Ula\u015f\u0131n"}]},{"@type":"WebSite","@id":"https:\/\/regulus.net.tr\/#website","url":"https:\/\/regulus.net.tr\/","name":"Regulus","description":"M\u00fchendislik, Bili\u015fim, Makina ve Ticaret","publisher":{"@id":"https:\/\/regulus.net.tr\/#organization"},"potentialAction":[{"@type":"SearchAction","target":{"@type":"EntryPoint","urlTemplate":"https:\/\/regulus.net.tr\/?s={search_term_string}"},"query-input":{"@type":"PropertyValueSpecification","valueRequired":true,"valueName":"search_term_string"}}],"inLanguage":"tr"},{"@type":"Organization","@id":"https:\/\/regulus.net.tr\/#organization","name":"Regulus","url":"https:\/\/regulus.net.tr\/","logo":{"@type":"ImageObject","inLanguage":"tr","@id":"https:\/\/regulus.net.tr\/#\/schema\/logo\/image\/","url":"https:\/\/regulus.net.tr\/wp-content\/uploads\/2023\/01\/cropped-cropped-WhatsApp_Gorsel_2023-01-22_saat_16.57.36-removebg-preview-e1674410280674.png","contentUrl":"https:\/\/regulus.net.tr\/wp-content\/uploads\/2023\/01\/cropped-cropped-WhatsApp_Gorsel_2023-01-22_saat_16.57.36-removebg-preview-e1674410280674.png","width":643,"height":103,"caption":"Regulus"},"image":{"@id":"https:\/\/regulus.net.tr\/#\/schema\/logo\/image\/"}}]}},"jetpack_sharing_enabled":true,"_links":{"self":[{"href":"https:\/\/regulus.net.tr\/index.php?rest_route=\/wp\/v2\/pages\/247","targetHints":{"allow":["GET"]}}],"collection":[{"href":"https:\/\/regulus.net.tr\/index.php?rest_route=\/wp\/v2\/pages"}],"about":[{"href":"https:\/\/regulus.net.tr\/index.php?rest_route=\/wp\/v2\/types\/page"}],"author":[{"embeddable":true,"href":"https:\/\/regulus.net.tr\/index.php?rest_route=\/wp\/v2\/users\/1"}],"replies":[{"embeddable":true,"href":"https:\/\/regulus.net.tr\/index.php?rest_route=%2Fwp%2Fv2%2Fcomments&post=247"}],"version-history":[{"count":23,"href":"https:\/\/regulus.net.tr\/index.php?rest_route=\/wp\/v2\/pages\/247\/revisions"}],"predecessor-version":[{"id":1121,"href":"https:\/\/regulus.net.tr\/index.php?rest_route=\/wp\/v2\/pages\/247\/revisions\/1121"}],"wp:attachment":[{"href":"https:\/\/regulus.net.tr\/index.php?rest_route=%2Fwp%2Fv2%2Fmedia&parent=247"}],"curies":[{"name":"wp","href":"https:\/\/api.w.org\/{rel}","templated":true}]}}